{"id":832,"date":"2024-01-11T10:53:14","date_gmt":"2024-01-11T09:53:14","guid":{"rendered":"http:\/\/sab-vta.cultura.gov.it\/?page_id=832"},"modified":"2024-05-28T17:44:33","modified_gmt":"2024-05-28T15:44:33","slug":"alienazione-di-beni-librari","status":"publish","type":"page","link":"https:\/\/sab-vta.cultura.gov.it\/?page_id=832","title":{"rendered":"Alienazione di beni librari"},"content":{"rendered":"<p style=\"text-align: justify;\"><strong>ALIENAZIONE DI BENI LIBRARI<\/strong><\/p>\n<p style=\"text-align: justify;\">La vendita, la donazione, la successione ereditaria di archivi o singoli documenti o beni librari, indipendentemente dalla loro et\u00e0, tipologia o contenuto,sono attivit\u00e0 delicate poich\u00e9 possono coinvolgere anche beni culturali sottoposti a tutela. La normativa vigente sottopone il passaggio di propriet\u00e0 e di detenzione dei beni archivistici e librari alla vigilanza delle Soprintendenze archivistiche e bibliografiche, che possono avvalersi della collaborazione del Comando Carabinieri Tutela Patrimonio Culturale.<\/p>\n<p style=\"text-align: justify;\">Per evitare di compiere, anche involontariamente, azioni contrarie alla legge e di incorrere in sanzioni, \u00e8 opportuno agire con particolare cautela, seguendo le prescrizioni di legge, in particolare gli articoli del Capo V Sezione I del D.Lgs. 42\/2004, e rivolgendosi, ove ci fossero dubbi, alla Soprintendenza.<\/p>\n<p style=\"text-align: justify;\">Sono vietati l\u2019alienazione, la vendita o il commercio di\u00a0documenti di natura pubblica. Con tale definizione si devono intendere i documenti indirizzati ad un ente pubblico o di cui esso abbia acquisito, a qualunque titolo, la propriet\u00e0; sono invece esclusi i documenti pubblici diretti a soggetti privati. I<strong>n pratica sono da considerare pubblici tutti i documenti che dovrebbero essere conservati in un archivio pubblico, indipendentemente dalle vicende che ne hanno mutato il possesso<\/strong>; ai sensi del d.lgs. n. 42\/2004 rimangono infatti pubblici i documenti che erano originariamente parte di un archivio pubblico il cui ente proprietario abbia mutato natura giuridica (art. 13).<\/p>\n<p style=\"text-align: justify;\">I documenti dello Stato e degli altri enti pubblici territoriali fanno parte del loro\u00a0<strong>demanio culturale\u00a0<\/strong>(art. 53) e, pertanto,\u00a0appartengono al patrimonio culturale nazionale tutti i documenti di archivi pubblici e privati sottoposti a tutela.<\/p>\n<p style=\"text-align: justify;\">Qualora i documenti pubblici o comunque tutelati ai sensi del D.Lgs. n. 42\/2004 siano stati illecitamente alienati, sottratti o estratti dal loro archivio,\u00a0gli atti compiuti in violazione delle norme di tutela sono giuridicamente nulli\u00a0(art. 164).<\/p>\n","protected":false},"excerpt":{"rendered":"<p>ALIENAZIONE DI BENI LIBRARI La vendita, la donazione, la successione ereditaria di archivi o singoli documenti o beni librari, indipendentemente dalla loro et\u00e0, tipologia o contenuto,sono attivit\u00e0 delicate poich\u00e9 possono coinvolgere anche beni culturali sottoposti a tutela.<\/p>\n","protected":false},"author":1,"featured_media":0,"parent":99,"menu_order":5,"comment_status":"closed","ping_status":"closed","template":"","meta":{"footnotes":""},"tags":[],"class_list":["post-832","page","type-page","status-publish","hentry"],"_links":{"self":[{"href":"https:\/\/sab-vta.cultura.gov.it\/index.php?rest_route=\/wp\/v2\/pages\/832","targetHints":{"allow":["GET"]}}],"collection":[{"href":"https:\/\/sab-vta.cultura.gov.it\/index.php?rest_route=\/wp\/v2\/pages"}],"about":[{"href":"https:\/\/sab-vta.cultura.gov.it\/index.php?rest_route=\/wp\/v2\/types\/page"}],"author":[{"embeddable":true,"href":"https:\/\/sab-vta.cultura.gov.it\/index.php?rest_route=\/wp\/v2\/users\/1"}],"replies":[{"embeddable":true,"href":"https:\/\/sab-vta.cultura.gov.it\/index.php?rest_route=%2Fwp%2Fv2%2Fcomments&post=832"}],"version-history":[{"count":7,"href":"https:\/\/sab-vta.cultura.gov.it\/index.php?rest_route=\/wp\/v2\/pages\/832\/revisions"}],"predecessor-version":[{"id":2395,"href":"https:\/\/sab-vta.cultura.gov.it\/index.php?rest_route=\/wp\/v2\/pages\/832\/revisions\/2395"}],"up":[{"embeddable":true,"href":"https:\/\/sab-vta.cultura.gov.it\/index.php?rest_route=\/wp\/v2\/pages\/99"}],"wp:attachment":[{"href":"https:\/\/sab-vta.cultura.gov.it\/index.php?rest_route=%2Fwp%2Fv2%2Fmedia&parent=832"}],"wp:term":[{"taxonomy":"post_tag","embeddable":true,"href":"https:\/\/sab-vta.cultura.gov.it\/index.php?rest_route=%2Fwp%2Fv2%2Ftags&post=832"}],"curies":[{"name":"wp","href":"https:\/\/api.w.org\/{rel}","templated":true}]}}