{"id":226,"date":"2023-12-06T08:51:54","date_gmt":"2023-12-06T07:51:54","guid":{"rendered":"http:\/\/sab-vta.cultura.gov.it\/?page_id=226"},"modified":"2024-05-28T17:23:16","modified_gmt":"2024-05-28T15:23:16","slug":"donazione","status":"publish","type":"page","link":"https:\/\/sab-vta.cultura.gov.it\/?page_id=226","title":{"rendered":"Donazione"},"content":{"rendered":"<p style=\"text-align: justify;\"><strong>DONAZIONE<\/strong><\/p>\n<p style=\"text-align: justify;\">I privati proprietari di beni archivistici di interesse storico <strong>possono donare<\/strong> i propri archivi o singoli documenti all\u2019Amministrazione archivistica (Archivi di Stato).\u00a0Nel caso in cui i privati volessero donare il proprio archivio e quest\u2019ultimo non risultasse notificato, la Soprintendenza prima di dare corso alla donazione verificher\u00e0 la sussistenza del rilevante interesse culturale.<\/p>\n<p style=\"text-align: justify;\"><span style=\"font-size: 14pt;\"><strong>Procedura per la donazione di archivi o singoli documenti<\/strong><\/span><\/p>\n<ul style=\"text-align: justify;\">\n<li>L\u2019Archivio di Stato beneficiario della donazione riceve la dichiarazione resa con le formalit\u00e0 dell\u2019art. 38 del\u00a0<span style=\"color: #0000ff;\"><u>Decreto del\u00a0<\/u><a style=\"color: #0000ff;\" href=\"http:\/\/www.sab-vta.beniculturali.it\/wp-content\/uploads\/2018\/10\/dpr-445-2000.pdf\">Presidente della Repubblica 28 dicembre 2000, n. 445<\/a><\/span>, nella quale il proprietario dell\u2019archivio o di documenti manifesta la volont\u00e0 di donare;<sup>1<\/sup><\/li>\n<li>Il Direttore dell\u2019Archivio di Stato beneficiario della donazione, ricevuta la proposta di donazione, effettuate le verifiche di procedibilit\u00e0, ne trasmette gli esiti al Soprintendente che provvede a effettuare l\u2019istruttoria, di legittimit\u00e0 e di merito, circa la correttezza dei dati forniti dal proponente la donazione, l\u2019interesse culturale e il valore economico del compendio archivistico offerto in dono e la conseguente opportunit\u00e0 per lo Stato di procedere alla sua acquisizione;<\/li>\n<li>La Soprintendenza invia gli esiti dell\u2019istruttoria alla Direzione Generale Archivi competente al rilascio dell\u2019autorizzazione e comunica al proponente la donazione e l\u2019avvio dell\u2019iter per la richiesta, alla Direzione Generale Archivi, dell\u2019autorizzazione e all\u2019accettazione della donazione stessa;<\/li>\n<li>Il Direttore dell\u2019Archivio di Stato, dal canto suo, esprime la disponibilit\u00e0 ad accettare la donazione, anche in relazione agli spazi disponibili, con nota indirizzata alla Soprintendenza, alla Direzione Generale Archivi e, per conoscenza, al donante;<\/li>\n<li>Il Dirigente della Direzione Generale Archivi \u2013 Servizio II, sulla scorta degli esiti istruttori che gli pervengono dall\u2019Archivio di Stato e dalla Soprintendenza archivistica, valuta, anche in ragione dell\u2019interesse culturale e del valore economico della documentazione offerta in dono, se sottoporre la questione al competente Comitato tecnico scientifico al fine di acquisirne il parere, o se proporre direttamente al Direttore generale le determinazioni da assumere in proposito;<\/li>\n<li>Il Direttore generale archivi, sulla scorta dell\u2019istruttoria compiuta dagli uffici centrali e periferici ed, eventualmente, del parere reso dal Comitato tecnico scientifico, adotta il provvedimento di autorizzazione all\u2019accettazione della donazione;<\/li>\n<li>Il donante e il Direttore dell\u2019Archivio di Stato beneficiario della donazione stipulano il contratto con la forma dell\u2019atto pubblico alla presenza di due testimoni e una copia dell\u2019atto cos\u00ec stipulato \u00e8 inviata alla Direzione Generale Archivi. Se il valore economico del bene archivistico offerto in donazione \u00e8 da ritenersi modico, la donazione pu\u00f2 perfezionarsi, anzich\u00e9 con l\u2019atto pubblico, attraverso l\u2019accettazione della proposta di donazione<sup>2<\/sup>, espressa con atto formale dal Direttore dell\u2019Archivio di Stato, previa autorizzazione del Direttore generale archivi di cui sopra;<\/li>\n<li>All\u2019atto della consegna della documentazione archivistica oggetto l\u2019Archivio di Stato beneficiario ha l\u2019obbligo di procedere all\u2019assunzione in carico di detta documentazione nel conto generale del patrimonio dello Stato, redigendo al riguardo apposito verbale, che sar\u00e0 inviato alla Direzione Generale Archivi.<\/li>\n<\/ul>\n<p style=\"text-align: justify;\"><a href=\"https:\/\/sab-vta.cultura.gov.it\/wp-content\/uploads\/2023\/12\/approfondimento-normativo-donazione_02.pdf\" target=\"_blank\" rel=\"noopener\">Approfondimento normativo<\/a><\/p>\n","protected":false},"excerpt":{"rendered":"<p>DONAZIONE I privati proprietari di beni archivistici di interesse storico possono donare i propri archivi o singoli documenti all\u2019Amministrazione archivistica (Archivi di Stato).<\/p>\n","protected":false},"author":1,"featured_media":0,"parent":97,"menu_order":8,"comment_status":"closed","ping_status":"closed","template":"","meta":{"footnotes":""},"tags":[],"class_list":["post-226","page","type-page","status-publish","hentry"],"_links":{"self":[{"href":"https:\/\/sab-vta.cultura.gov.it\/index.php?rest_route=\/wp\/v2\/pages\/226","targetHints":{"allow":["GET"]}}],"collection":[{"href":"https:\/\/sab-vta.cultura.gov.it\/index.php?rest_route=\/wp\/v2\/pages"}],"about":[{"href":"https:\/\/sab-vta.cultura.gov.it\/index.php?rest_route=\/wp\/v2\/types\/page"}],"author":[{"embeddable":true,"href":"https:\/\/sab-vta.cultura.gov.it\/index.php?rest_route=\/wp\/v2\/users\/1"}],"replies":[{"embeddable":true,"href":"https:\/\/sab-vta.cultura.gov.it\/index.php?rest_route=%2Fwp%2Fv2%2Fcomments&post=226"}],"version-history":[{"count":5,"href":"https:\/\/sab-vta.cultura.gov.it\/index.php?rest_route=\/wp\/v2\/pages\/226\/revisions"}],"predecessor-version":[{"id":2374,"href":"https:\/\/sab-vta.cultura.gov.it\/index.php?rest_route=\/wp\/v2\/pages\/226\/revisions\/2374"}],"up":[{"embeddable":true,"href":"https:\/\/sab-vta.cultura.gov.it\/index.php?rest_route=\/wp\/v2\/pages\/97"}],"wp:attachment":[{"href":"https:\/\/sab-vta.cultura.gov.it\/index.php?rest_route=%2Fwp%2Fv2%2Fmedia&parent=226"}],"wp:term":[{"taxonomy":"post_tag","embeddable":true,"href":"https:\/\/sab-vta.cultura.gov.it\/index.php?rest_route=%2Fwp%2Fv2%2Ftags&post=226"}],"curies":[{"name":"wp","href":"https:\/\/api.w.org\/{rel}","templated":true}]}}