{"id":156,"date":"2023-12-01T14:37:03","date_gmt":"2023-12-01T13:37:03","guid":{"rendered":"http:\/\/sab-vta.cultura.gov.it\/?page_id=156"},"modified":"2025-08-04T15:02:07","modified_gmt":"2025-08-04T13:02:07","slug":"dichiarazione-dellinteresse-culturale","status":"publish","type":"page","link":"https:\/\/sab-vta.cultura.gov.it\/?page_id=156","title":{"rendered":"Dichiarazione dell\u2019interesse culturale"},"content":{"rendered":"<p style=\"text-align: justify;\"><strong>DICHIARAZIONE DELL&#8217;INTERESSE CULTURALE<\/strong><\/p>\n<p style=\"text-align: justify;\">La dichiarazione\u00a0di interesse storico particolarmente importante \u00e8 l\u2019atto formale mediante il quale <strong>un archivio o anche un singolo documento appartenente a soggetti privati entra a far parte del patrimonio culturale nazionale.<\/strong><\/p>\n<p style=\"text-align: justify;\">Il Soprintendente pu\u00f2 avviare il procedimento per la dichiarazione anche su motivata richiesta della regione e di ogni altro ente territoriale interessato, dandone contestualmente comunicazione al proprietario, possessore o detentore dell\u2019archivio o del singolo documento, il quale ha la possibilit\u00e0, entro 80 giorni, di presentare alla Soprintendenza eventuali osservazioni o controdeduzioni.<\/p>\n<p style=\"text-align: justify;\">Durante tale periodo, i documenti sono comunque sottoposti, in via cautelare, alle norme di tutela previste dal decreto legislativo 22 gennaio 2004, n. 42 (Codice dei beni culturali e del paesaggio).<\/p>\n<p style=\"text-align: justify;\">Il provvedimento emanato dal Soprintendente archivistico competente per territorio<strong><sup>1\u00a0<\/sup>assoggetta quindi il privato proprietario, possessore o detentore dell\u2019archivio o del singolo documento agli obblighi previsti dal Codice dei beni culturali e del paesaggio\u00a0in materia di protezione, conservazione, circolazione e fruizione dei beni culturali, e gli consente di ricevere contributi statali e agevolazioni fiscali per gli interventi conservativi.<\/strong><\/p>\n<p style=\"text-align: justify;\"><strong>La propriet\u00e0 del bene culturale rimane del privato<\/strong>.<\/p>\n<p style=\"text-align: justify;\">Avverso il provvedimento di dichiarazione di interesse culturale dell\u2019archivio o del documento, entro 30 giorni dalla notifica, \u00e8 ammesso il ricorso al Ministero per motivi di legittimit\u00e0 o di merito. Sull\u2019eventuale ricorso decide la Direzione generale Archivi del Ministero\u00a0<sup>2<\/sup>\u00a0che \u00e8 tenuta a esprimersi su di esso, entro 90 giorni.<\/p>\n<p style=\"text-align: justify;\">\u00c8 altres\u00ec possibile ricorrere in via giurisdizionale al Tribunale Amministrativo Regionale (TAR) che pu\u00f2 intervenire per i soli vizi di legittimit\u00e0. Il ricorso giurisdizionale deve essere notificato entro 60 giorni dalla notifica dell\u2019atto impugnato.<\/p>\n<p style=\"text-align: justify;\">Una volta formalizzata la dichiarazione ogni intervento su un archivio dichiarato (ordinamento, restauro, riproduzione, scarto, spostamento, prestito, trasferimento ad altre persone giuridiche) dovr\u00e0 essere autorizzato dal Soprintendente<sup>3<\/sup>. \u00a0Solo nei casi di assoluta urgenza (per esempio per calamit\u00e0 naturali) possono essere effettuati gli interventi provvisori indispensabili per evitare danni all\u2019archivio, purch\u00e9 ne sia data immediata comunicazione alla Soprintendenza<sup>4<\/sup>.<\/p>\n<p style=\"text-align: justify;\">Il privato proprietario, possessore o detentore di un archivio dichiarato di interesse storico particolarmente importante \u00e8 tenuto a:<\/p>\n<ul style=\"text-align: justify;\">\n<li>consentire\u00a0al\u00a0Soprintendente,\u00a0in\u00a0seguito a\u00a0preavviso non inferiore\u00a0a\u00a0cinque giorni, di\u00a0procedere\u00a0a\u00a0ispezioni\u00a0per\u00a0accertare\u00a0l\u2019esistenza e lo stato di conservazione e di custodia dell\u2019archivio<sup>5<\/sup>;<\/li>\n<li>denunciare preventivamente al Soprintendente lo spostamento dell\u2019archivio, se dipendente da mutamento di dimora o di sede\u00a0<sup>6<\/sup>;<\/li>\n<li>garantire la conservazione dell\u2019archivio e provvedere all\u2019inventariazione della parte storica\u00a0<sup>7<\/sup>;<\/li>\n<li>denunciare alla Soprintendenza, entro 30 giorni dalla stipulazione dell\u2019atto,\u00a0il\u00a0trasferimento della propriet\u00e0\u00a0o\u00a0della detenzione\u00a0dell\u2019archivio\u00a0<sup>8<\/sup>;<\/li>\n<li>permettere agli studiosi, che ne facciano motivata richiesta tramite il Soprintendente archivistico, la\u00a0consultazione dei documenti; in tal caso la Soprintendenza verifica che lo studioso non sia tra gli esclusi dalle sale di studio degli Archivi.\u00a0<sup>9<\/sup><\/li>\n<\/ul>\n<p style=\"text-align: justify;\">Peraltro il privato proprietario, possessore o detentore di un archivio dichiarato di interesse storico particolarmente importante pu\u00f2 essere ammesso a ricevere contributi statali<sup>10<\/sup>\u00a0e pu\u00f2 usufruire delle agevolazioni tributarie previste dalla legge qualora abbia effettuato restauri o altri interventi conservativi regolarmente autorizzati.<\/p>\n<p style=\"text-align: justify;\">In nessun caso il privato proprietario pu\u00f2:<\/p>\n<ul style=\"text-align: justify;\">\n<li>smembrare l\u2019archivio;<sup>11<\/sup><\/li>\n<li>far uscire in modo definitivo dal territorio della Repubblica l\u2019archivio o i singoli documenti a esso appartenenti\u00a0<sup>12<\/sup>; \u00e8 consentita soltanto l\u2019uscita temporanea per manifestazioni, mostre o altri eventi di elevato interesse culturale previo rilascio dell\u2019attestato di circolazione temporanea\u00a0<sup>13\u00a0<\/sup>o della licenza di esportazione temporanea<sup>14<\/sup><\/li>\n<\/ul>\n<p style=\"text-align: justify;\"><a href=\"https:\/\/sab-vta.cultura.gov.it\/wp-content\/uploads\/2023\/12\/Approfondimento-normativo_02-1.pdf\" target=\"_blank\" rel=\"noopener\">Approfondimento normativo<\/a><\/p>\n<p style=\"text-align: justify;\"><strong>Elenco delle dichiarazioni di interesse culturale di beni archivistici\u00a0<\/strong><\/p>\n<p style=\"text-align: justify;\">Si fornisce di seguito elenco delle dichiarazioni di interesse culturale di beni archivistici e librari conservati nella Regione Veneto e Trentino Alto Adige, emesse dalla Soprintendenza archivistica e bibliografica o dalla Direzione regionale per i beni culturali e paesaggistici del Veneto e suddivise per province di conservazione dei beni.<\/p>\n<p style=\"text-align: justify;\"><a href=\"https:\/\/sab-vta.cultura.gov.it\/wp-content\/uploads\/2023\/12\/PROVINCIA-DI-VENEZIA-D2.pdf\" target=\"_blank\" rel=\"noopener\">Provincia di Venezia<\/a><\/p>\n<p style=\"text-align: justify;\"><a href=\"https:\/\/sab-vta.cultura.gov.it\/wp-content\/uploads\/2023\/12\/provincia-di-belluno.pdf\" target=\"_blank\" rel=\"noopener\">Provincia di Belluno<\/a><\/p>\n<p style=\"text-align: justify;\"><a href=\"https:\/\/sab-vta.cultura.gov.it\/wp-content\/uploads\/2023\/12\/Repertorio-BOLZANO.pdf\">Provincia di Bolzano<\/a><\/p>\n<p style=\"text-align: justify;\"><a href=\"https:\/\/sab-vta.cultura.gov.it\/wp-content\/uploads\/2025\/08\/PROVINCIA-DI-PADOVA.pdf\" target=\"_blank\" rel=\"noopener\">Provincia di Padova<\/a><\/p>\n<p style=\"text-align: justify;\"><a href=\"https:\/\/sab-vta.cultura.gov.it\/wp-content\/uploads\/2023\/12\/PROVINCIA-DI-ROVIGO.pdf\">Provincia di Rovigo<\/a><\/p>\n<p style=\"text-align: justify;\"><a href=\"https:\/\/sab-vta.cultura.gov.it\/wp-content\/uploads\/2023\/12\/PROVINCIA-DI-TREVISO.pdf\" target=\"_blank\" rel=\"noopener\">Provincia di Treviso<\/a><\/p>\n<p style=\"text-align: justify;\"><a href=\"https:\/\/sab-vta.cultura.gov.it\/wp-content\/uploads\/2023\/12\/PROVINCIA-DI-TRENTO.pdf\" target=\"_blank\" rel=\"noopener\">Provincia di Trento<\/a><\/p>\n<p style=\"text-align: justify;\"><a href=\"https:\/\/sab-vta.cultura.gov.it\/wp-content\/uploads\/2023\/12\/Repertorio-Vicenza.pdf\" target=\"_blank\" rel=\"noopener\">Provincia di Vicenza<\/a><\/p>\n<p style=\"text-align: justify;\"><a href=\"https:\/\/sab-vta.cultura.gov.it\/wp-content\/uploads\/2023\/12\/PROVINCIA-DI-VERONA.pdf\" target=\"_blank\" rel=\"noopener\">Provincia di Verona<\/a><\/p>\n<p style=\"text-align: justify;\"><a href=\"https:\/\/sab-vta.cultura.gov.it\/wp-content\/uploads\/2023\/12\/REPERTORIO-DEGLI-ARCHIVI-NON-IN-REGIONE.pdf\" target=\"_blank\" rel=\"noopener\">Repertorio degli archivi non in regione<\/a><\/p>\n<p>&nbsp;<\/p>\n<p>&nbsp;<\/p>\n","protected":false},"excerpt":{"rendered":"<p>DICHIARAZIONE DELL&#8217;INTERESSE CULTURALE La dichiarazione\u00a0di interesse storico particolarmente importante \u00e8 l\u2019atto formale mediante il quale un archivio o anche un singolo documento appartenente a soggetti privati entra a far parte del patrimonio culturale nazionale.<\/p>\n","protected":false},"author":1,"featured_media":0,"parent":97,"menu_order":1,"comment_status":"closed","ping_status":"closed","template":"","meta":{"footnotes":""},"tags":[],"class_list":["post-156","page","type-page","status-publish","hentry"],"_links":{"self":[{"href":"https:\/\/sab-vta.cultura.gov.it\/index.php?rest_route=\/wp\/v2\/pages\/156","targetHints":{"allow":["GET"]}}],"collection":[{"href":"https:\/\/sab-vta.cultura.gov.it\/index.php?rest_route=\/wp\/v2\/pages"}],"about":[{"href":"https:\/\/sab-vta.cultura.gov.it\/index.php?rest_route=\/wp\/v2\/types\/page"}],"author":[{"embeddable":true,"href":"https:\/\/sab-vta.cultura.gov.it\/index.php?rest_route=\/wp\/v2\/users\/1"}],"replies":[{"embeddable":true,"href":"https:\/\/sab-vta.cultura.gov.it\/index.php?rest_route=%2Fwp%2Fv2%2Fcomments&post=156"}],"version-history":[{"count":22,"href":"https:\/\/sab-vta.cultura.gov.it\/index.php?rest_route=\/wp\/v2\/pages\/156\/revisions"}],"predecessor-version":[{"id":3181,"href":"https:\/\/sab-vta.cultura.gov.it\/index.php?rest_route=\/wp\/v2\/pages\/156\/revisions\/3181"}],"up":[{"embeddable":true,"href":"https:\/\/sab-vta.cultura.gov.it\/index.php?rest_route=\/wp\/v2\/pages\/97"}],"wp:attachment":[{"href":"https:\/\/sab-vta.cultura.gov.it\/index.php?rest_route=%2Fwp%2Fv2%2Fmedia&parent=156"}],"wp:term":[{"taxonomy":"post_tag","embeddable":true,"href":"https:\/\/sab-vta.cultura.gov.it\/index.php?rest_route=%2Fwp%2Fv2%2Ftags&post=156"}],"curies":[{"name":"wp","href":"https:\/\/api.w.org\/{rel}","templated":true}]}}